{"id":36677,"date":"2024-01-30T16:55:55","date_gmt":"2024-01-30T15:55:55","guid":{"rendered":"https:\/\/www.allevamentoredwing.com\/prodotti\/generateur-de-saison-sol-led-12v\/"},"modified":"2024-01-30T16:55:55","modified_gmt":"2024-01-30T15:55:55","slug":"generateur-de-saison-sol-led-12v","status":"publish","type":"product","link":"https:\/\/www.allevamentoredwing.com\/fr\/prodotti\/generateur-de-saison-sol-led-12v\/","title":{"rendered":"G\u00e9n\u00e9rateur de saison SOL-LED 12V"},"content":{"rendered":"<ul>\n<li><strong>Gestion ind\u00e9pendante de 2 salles avec 2 programmes diff\u00e9rents<\/strong><\/li>\n<li>Ecran LCD r\u00e9tro-\u00e9clair\u00e9 BLEU<\/li>\n<li>Programmation de la photop\u00e9riode avec le r\u00e9glage de :<br \/>\n&#8211; Heure de d\u00e9but du lever et du coucher du soleil<br \/>\n&#8211; Augmentation\/diminution automatique en minutes au lever et\/ou au coucher du soleil<br \/>\n&#8211; Augmentation\/diminution de la dur\u00e9e en jours<\/li>\n<li>6 tableaux automatiques pr\u00e9install\u00e9s :<br \/>\nstandard, grive musicienne, rouge-gorge, bruant, alouette, pinson et brame, reproduction<\/li>\n<li>Date et heure modifiables<\/li>\n<li>Effet de lever\/coucher de soleil avec dur\u00e9e r\u00e9glable<\/li>\n<li>Effet d&#8217;inspection nocturne avec dur\u00e9e r\u00e9glable entre l&#8217;entr\u00e9e et la sortie (amovible) ; fonction de verrouillage de l&#8217;inspection \u00e0 la luminosit\u00e9 souhait\u00e9e.<\/li>\n<li>\u00c9conomie d&#8217;\u00e9nergie programmable (r\u00e9glage d&#8217;un intervalle de temps pendant lequel l&#8217;appareil reste \u00e9teint)<\/li>\n<li>\u00c9conomie d&#8217;\u00e9nergie avec capteur int\u00e9gr\u00e9 et possibilit\u00e9 de retirer le capteur<\/li>\n<li>Veilleuse<\/li>\n<li>Batterie tampon<\/li>\n<li>Affichage continu de :<br \/>\n&#8211; Heure de d\u00e9but du lever du soleil<br \/>\n&#8211; Heure de d\u00e9but du coucher du soleil<br \/>\n&#8211; Nombre total d&#8217;heures de lumi\u00e8re du jour<br \/>\n&#8211; Compteur de jours<br \/>\n&#8211; Nombre total d&#8217;heures de lumi\u00e8re du jour le dernier jour<br \/>\n&#8211; Luminosit\u00e9 d\u00e9tect\u00e9e<br \/>\n&#8211; Luminosit\u00e9 d\u00e9sactiv\u00e9e<br \/>\n&#8211; Seuil de sensibilit\u00e9<\/li>\n<li>Fourni avec 2 connecteurs, un c\u00e2ble d&#8217;alimentation et un manuel d&#8217;utilisation.<\/li>\n<li>Multilingue<\/li>\n<li>Puissance : courant de sortie maximal de 2,5 A x sortie<\/li>\n<li>Tension d&#8217;alimentation 12 V DC<\/li>\n<li><strong>Transformateur NON inclus dans l&#8217;emballage<\/strong><\/li>\n<\/ul>\n","protected":false},"excerpt":{"rendered":"<p>Gestion ind\u00e9pendante de 2 salles avec 2 programmes diff\u00e9rents Ecran LCD r\u00e9tro-\u00e9clair\u00e9 BLEU Programmation de la photop\u00e9riode avec le r\u00e9glage [&hellip;]<\/p>\n","protected":false},"featured_media":36682,"comment_status":"open","ping_status":"closed","template":"","meta":{"_mo_disable_npp":""},"product_brand":[],"product_cat":[348,355],"product_tag":[393],"class_list":{"0":"post-36677","1":"product","2":"type-product","3":"status-publish","4":"has-post-thumbnail","6":"product_cat-chasse","7":"product_cat-lelevage","8":"product_tag-photoperiode","10":"first","11":"instock","12":"taxable","13":"shipping-taxable","14":"purchasable","15":"product-type-simple"},"yoast_head":"<!-- This site is optimized with the Yoast SEO plugin v27.4 - https:\/\/yoast.com\/product\/yoast-seo-wordpress\/ -->\n<title>G\u00e9n\u00e9rateur de saison SOL-LED 12V - Allevamento Redwing<\/title>\n<meta name=\"robots\" content=\"index, follow, max-snippet:-1, max-image-preview:large, max-video-preview:-1\" \/>\n<link rel=\"canonical\" href=\"https:\/\/www.allevamentoredwing.com\/fr\/prodotti\/generateur-de-saison-sol-led-12v\/\" \/>\n<meta property=\"og:locale\" content=\"fr_FR\" \/>\n<meta property=\"og:type\" content=\"article\" \/>\n<meta property=\"og:title\" content=\"G\u00e9n\u00e9rateur de saison SOL-LED 12V - Allevamento Redwing\" \/>\n<meta property=\"og:description\" content=\"Gestion ind\u00e9pendante de 2 salles avec 2 programmes diff\u00e9rents Ecran LCD r\u00e9tro-\u00e9clair\u00e9 BLEU Programmation de la photop\u00e9riode avec le r\u00e9glage [&hellip;]\" \/>\n<meta property=\"og:url\" content=\"https:\/\/www.allevamentoredwing.com\/fr\/prodotti\/generateur-de-saison-sol-led-12v\/\" \/>\n<meta property=\"og:site_name\" content=\"Allevamento Redwing\" \/>\n<meta property=\"article:publisher\" content=\"https:\/\/www.facebook.com\/Allevamento-Redwing-1979803988953737\" \/>\n<meta property=\"og:image\" content=\"https:\/\/www.allevamentoredwing.com\/wp-content\/uploads\/2024\/01\/SOL_GENERATOR_LED.jpg\" \/>\n\t<meta property=\"og:image:width\" content=\"2000\" \/>\n\t<meta property=\"og:image:height\" content=\"2000\" \/>\n\t<meta property=\"og:image:type\" content=\"image\/jpeg\" \/>\n<meta name=\"twitter:card\" content=\"summary_large_image\" \/>\n<meta name=\"twitter:label1\" content=\"Dur\u00e9e de lecture estim\u00e9e\" \/>\n\t<meta name=\"twitter:data1\" content=\"1 minute\" \/>\n<script type=\"application\/ld+json\" class=\"yoast-schema-graph\">{\"@context\":\"https:\\\/\\\/schema.org\",\"@graph\":[{\"@type\":\"WebPage\",\"@id\":\"https:\\\/\\\/www.allevamentoredwing.com\\\/fr\\\/prodotti\\\/generateur-de-saison-sol-led-12v\\\/\",\"url\":\"https:\\\/\\\/www.allevamentoredwing.com\\\/fr\\\/prodotti\\\/generateur-de-saison-sol-led-12v\\\/\",\"name\":\"G\u00e9n\u00e9rateur de saison SOL-LED 12V - Allevamento Redwing\",\"isPartOf\":{\"@id\":\"https:\\\/\\\/www.allevamentoredwing.com\\\/fr\\\/#website\"},\"primaryImageOfPage\":{\"@id\":\"https:\\\/\\\/www.allevamentoredwing.com\\\/fr\\\/prodotti\\\/generateur-de-saison-sol-led-12v\\\/#primaryimage\"},\"image\":{\"@id\":\"https:\\\/\\\/www.allevamentoredwing.com\\\/fr\\\/prodotti\\\/generateur-de-saison-sol-led-12v\\\/#primaryimage\"},\"thumbnailUrl\":\"https:\\\/\\\/www.allevamentoredwing.com\\\/wp-content\\\/uploads\\\/2024\\\/01\\\/SOL_GENERATOR_LED.jpg\",\"datePublished\":\"2024-01-30T15:55:55+00:00\",\"breadcrumb\":{\"@id\":\"https:\\\/\\\/www.allevamentoredwing.com\\\/fr\\\/prodotti\\\/generateur-de-saison-sol-led-12v\\\/#breadcrumb\"},\"inLanguage\":\"fr-FR\",\"potentialAction\":[{\"@type\":\"ReadAction\",\"target\":[\"https:\\\/\\\/www.allevamentoredwing.com\\\/fr\\\/prodotti\\\/generateur-de-saison-sol-led-12v\\\/\"]}]},{\"@type\":\"ImageObject\",\"inLanguage\":\"fr-FR\",\"@id\":\"https:\\\/\\\/www.allevamentoredwing.com\\\/fr\\\/prodotti\\\/generateur-de-saison-sol-led-12v\\\/#primaryimage\",\"url\":\"https:\\\/\\\/www.allevamentoredwing.com\\\/wp-content\\\/uploads\\\/2024\\\/01\\\/SOL_GENERATOR_LED.jpg\",\"contentUrl\":\"https:\\\/\\\/www.allevamentoredwing.com\\\/wp-content\\\/uploads\\\/2024\\\/01\\\/SOL_GENERATOR_LED.jpg\",\"width\":2000,\"height\":2000},{\"@type\":\"BreadcrumbList\",\"@id\":\"https:\\\/\\\/www.allevamentoredwing.com\\\/fr\\\/prodotti\\\/generateur-de-saison-sol-led-12v\\\/#breadcrumb\",\"itemListElement\":[{\"@type\":\"ListItem\",\"position\":1,\"name\":\"Accueil\",\"item\":\"https:\\\/\\\/www.allevamentoredwing.com\\\/fr\\\/accueil\\\/\"},{\"@type\":\"ListItem\",\"position\":2,\"name\":\"Boutique\",\"item\":\"https:\\\/\\\/www.allevamentoredwing.com\\\/fr\\\/boutique-2\\\/\"},{\"@type\":\"ListItem\",\"position\":3,\"name\":\"G\u00e9n\u00e9rateur de saison SOL-LED 12V\"}]},{\"@type\":\"WebSite\",\"@id\":\"https:\\\/\\\/www.allevamentoredwing.com\\\/fr\\\/#website\",\"url\":\"https:\\\/\\\/www.allevamentoredwing.com\\\/fr\\\/\",\"name\":\"Allevamento Redwing\",\"description\":\"Tutto per l'allevamento dei volatili\",\"publisher\":{\"@id\":\"https:\\\/\\\/www.allevamentoredwing.com\\\/fr\\\/#organization\"},\"potentialAction\":[{\"@type\":\"SearchAction\",\"target\":{\"@type\":\"EntryPoint\",\"urlTemplate\":\"https:\\\/\\\/www.allevamentoredwing.com\\\/fr\\\/?s={search_term_string}\"},\"query-input\":{\"@type\":\"PropertyValueSpecification\",\"valueRequired\":true,\"valueName\":\"search_term_string\"}}],\"inLanguage\":\"fr-FR\"},{\"@type\":\"Organization\",\"@id\":\"https:\\\/\\\/www.allevamentoredwing.com\\\/fr\\\/#organization\",\"name\":\"Azienda Agricola \\\"Allevamento Redwing\\\" di Bazzani Firmo\",\"url\":\"https:\\\/\\\/www.allevamentoredwing.com\\\/fr\\\/\",\"logo\":{\"@type\":\"ImageObject\",\"inLanguage\":\"fr-FR\",\"@id\":\"https:\\\/\\\/www.allevamentoredwing.com\\\/fr\\\/#\\\/schema\\\/logo\\\/image\\\/\",\"url\":\"https:\\\/\\\/www.allevamentoredwing.com\\\/wp-content\\\/uploads\\\/2019\\\/10\\\/logo-allevamento-redwing.png\",\"contentUrl\":\"https:\\\/\\\/www.allevamentoredwing.com\\\/wp-content\\\/uploads\\\/2019\\\/10\\\/logo-allevamento-redwing.png\",\"width\":819,\"height\":608,\"caption\":\"Azienda Agricola \\\"Allevamento Redwing\\\" di Bazzani Firmo\"},\"image\":{\"@id\":\"https:\\\/\\\/www.allevamentoredwing.com\\\/fr\\\/#\\\/schema\\\/logo\\\/image\\\/\"},\"sameAs\":[\"https:\\\/\\\/www.facebook.com\\\/Allevamento-Redwing-1979803988953737\",\"https:\\\/\\\/www.instagram.com\\\/allevamento_redwing\\\/\",\"https:\\\/\\\/www.youtube.com\\\/channel\\\/UCTxa8prgvBGVInkp_pI0ShQ\"]}]}<\/script>\n<!-- \/ Yoast SEO plugin. -->","yoast_head_json":{"title":"G\u00e9n\u00e9rateur de saison SOL-LED 12V - Allevamento Redwing","robots":{"index":"index","follow":"follow","max-snippet":"max-snippet:-1","max-image-preview":"max-image-preview:large","max-video-preview":"max-video-preview:-1"},"canonical":"https:\/\/www.allevamentoredwing.com\/fr\/prodotti\/generateur-de-saison-sol-led-12v\/","og_locale":"fr_FR","og_type":"article","og_title":"G\u00e9n\u00e9rateur de saison SOL-LED 12V - Allevamento Redwing","og_description":"Gestion ind\u00e9pendante de 2 salles avec 2 programmes diff\u00e9rents Ecran LCD r\u00e9tro-\u00e9clair\u00e9 BLEU Programmation de la photop\u00e9riode avec le r\u00e9glage [&hellip;]","og_url":"https:\/\/www.allevamentoredwing.com\/fr\/prodotti\/generateur-de-saison-sol-led-12v\/","og_site_name":"Allevamento Redwing","article_publisher":"https:\/\/www.facebook.com\/Allevamento-Redwing-1979803988953737","og_image":[{"width":2000,"height":2000,"url":"https:\/\/www.allevamentoredwing.com\/wp-content\/uploads\/2024\/01\/SOL_GENERATOR_LED.jpg","type":"image\/jpeg"}],"twitter_card":"summary_large_image","twitter_misc":{"Dur\u00e9e de lecture estim\u00e9e":"1 minute"},"schema":{"@context":"https:\/\/schema.org","@graph":[{"@type":"WebPage","@id":"https:\/\/www.allevamentoredwing.com\/fr\/prodotti\/generateur-de-saison-sol-led-12v\/","url":"https:\/\/www.allevamentoredwing.com\/fr\/prodotti\/generateur-de-saison-sol-led-12v\/","name":"G\u00e9n\u00e9rateur de saison SOL-LED 12V - Allevamento Redwing","isPartOf":{"@id":"https:\/\/www.allevamentoredwing.com\/fr\/#website"},"primaryImageOfPage":{"@id":"https:\/\/www.allevamentoredwing.com\/fr\/prodotti\/generateur-de-saison-sol-led-12v\/#primaryimage"},"image":{"@id":"https:\/\/www.allevamentoredwing.com\/fr\/prodotti\/generateur-de-saison-sol-led-12v\/#primaryimage"},"thumbnailUrl":"https:\/\/www.allevamentoredwing.com\/wp-content\/uploads\/2024\/01\/SOL_GENERATOR_LED.jpg","datePublished":"2024-01-30T15:55:55+00:00","breadcrumb":{"@id":"https:\/\/www.allevamentoredwing.com\/fr\/prodotti\/generateur-de-saison-sol-led-12v\/#breadcrumb"},"inLanguage":"fr-FR","potentialAction":[{"@type":"ReadAction","target":["https:\/\/www.allevamentoredwing.com\/fr\/prodotti\/generateur-de-saison-sol-led-12v\/"]}]},{"@type":"ImageObject","inLanguage":"fr-FR","@id":"https:\/\/www.allevamentoredwing.com\/fr\/prodotti\/generateur-de-saison-sol-led-12v\/#primaryimage","url":"https:\/\/www.allevamentoredwing.com\/wp-content\/uploads\/2024\/01\/SOL_GENERATOR_LED.jpg","contentUrl":"https:\/\/www.allevamentoredwing.com\/wp-content\/uploads\/2024\/01\/SOL_GENERATOR_LED.jpg","width":2000,"height":2000},{"@type":"BreadcrumbList","@id":"https:\/\/www.allevamentoredwing.com\/fr\/prodotti\/generateur-de-saison-sol-led-12v\/#breadcrumb","itemListElement":[{"@type":"ListItem","position":1,"name":"Accueil","item":"https:\/\/www.allevamentoredwing.com\/fr\/accueil\/"},{"@type":"ListItem","position":2,"name":"Boutique","item":"https:\/\/www.allevamentoredwing.com\/fr\/boutique-2\/"},{"@type":"ListItem","position":3,"name":"G\u00e9n\u00e9rateur de saison SOL-LED 12V"}]},{"@type":"WebSite","@id":"https:\/\/www.allevamentoredwing.com\/fr\/#website","url":"https:\/\/www.allevamentoredwing.com\/fr\/","name":"Allevamento Redwing","description":"Tutto per l'allevamento dei volatili","publisher":{"@id":"https:\/\/www.allevamentoredwing.com\/fr\/#organization"},"potentialAction":[{"@type":"SearchAction","target":{"@type":"EntryPoint","urlTemplate":"https:\/\/www.allevamentoredwing.com\/fr\/?s={search_term_string}"},"query-input":{"@type":"PropertyValueSpecification","valueRequired":true,"valueName":"search_term_string"}}],"inLanguage":"fr-FR"},{"@type":"Organization","@id":"https:\/\/www.allevamentoredwing.com\/fr\/#organization","name":"Azienda Agricola \"Allevamento Redwing\" di Bazzani Firmo","url":"https:\/\/www.allevamentoredwing.com\/fr\/","logo":{"@type":"ImageObject","inLanguage":"fr-FR","@id":"https:\/\/www.allevamentoredwing.com\/fr\/#\/schema\/logo\/image\/","url":"https:\/\/www.allevamentoredwing.com\/wp-content\/uploads\/2019\/10\/logo-allevamento-redwing.png","contentUrl":"https:\/\/www.allevamentoredwing.com\/wp-content\/uploads\/2019\/10\/logo-allevamento-redwing.png","width":819,"height":608,"caption":"Azienda Agricola \"Allevamento Redwing\" di Bazzani Firmo"},"image":{"@id":"https:\/\/www.allevamentoredwing.com\/fr\/#\/schema\/logo\/image\/"},"sameAs":["https:\/\/www.facebook.com\/Allevamento-Redwing-1979803988953737","https:\/\/www.instagram.com\/allevamento_redwing\/","https:\/\/www.youtube.com\/channel\/UCTxa8prgvBGVInkp_pI0ShQ"]}]}},"_links":{"self":[{"href":"https:\/\/www.allevamentoredwing.com\/fr\/wp-json\/wp\/v2\/product\/36677","targetHints":{"allow":["GET"]}}],"collection":[{"href":"https:\/\/www.allevamentoredwing.com\/fr\/wp-json\/wp\/v2\/product"}],"about":[{"href":"https:\/\/www.allevamentoredwing.com\/fr\/wp-json\/wp\/v2\/types\/product"}],"replies":[{"embeddable":true,"href":"https:\/\/www.allevamentoredwing.com\/fr\/wp-json\/wp\/v2\/comments?post=36677"}],"wp:featuredmedia":[{"embeddable":true,"href":"https:\/\/www.allevamentoredwing.com\/fr\/wp-json\/wp\/v2\/media\/36682"}],"wp:attachment":[{"href":"https:\/\/www.allevamentoredwing.com\/fr\/wp-json\/wp\/v2\/media?parent=36677"}],"wp:term":[{"taxonomy":"product_brand","embeddable":true,"href":"https:\/\/www.allevamentoredwing.com\/fr\/wp-json\/wp\/v2\/product_brand?post=36677"},{"taxonomy":"product_cat","embeddable":true,"href":"https:\/\/www.allevamentoredwing.com\/fr\/wp-json\/wp\/v2\/product_cat?post=36677"},{"taxonomy":"product_tag","embeddable":true,"href":"https:\/\/www.allevamentoredwing.com\/fr\/wp-json\/wp\/v2\/product_tag?post=36677"}],"curies":[{"name":"wp","href":"https:\/\/api.w.org\/{rel}","templated":true}]}}