{"id":36245,"date":"2020-02-27T09:13:58","date_gmt":"2020-02-27T08:13:58","guid":{"rendered":"https:\/\/www.allevamentoredwing.com\/prodotti\/turdus-specialiste-mineral-omega-3-mix-supplement\/"},"modified":"2020-02-27T09:13:58","modified_gmt":"2020-02-27T08:13:58","slug":"turdus-specialiste-mineral-omega-3-mix-supplement","status":"publish","type":"product","link":"https:\/\/www.allevamentoredwing.com\/fr\/prodotti\/turdus-specialiste-mineral-omega-3-mix-supplement\/","title":{"rendered":"Turdus Sp\u00e9cialiste Min\u00e9ral Om\u00e9ga 3 mix suppl\u00e9ment"},"content":{"rendered":"<p>Le produit contient \u00e9galement de l&#8217;huile de poisson, obtenue par pressage du saumon entier, avec une teneur \u00e9lev\u00e9e (18 %) en acides gras om\u00e9ga-3 (EPA 4,5 % ; DHA 13,5 %). Ces acides gras, gr\u00e2ce \u00e0 leur effet antioxydant bien connu, remplissent des fonctions tr\u00e8s importantes pour la sant\u00e9 des oiseaux en assurant un meilleur plumage (am\u00e9lioration de l&#8217;aspect de la peau et du plumage), mais surtout en stimulant les fonctions immunitaires des jeunes turdid\u00e9s, les mettant ainsi dans les meilleures conditions pour r\u00e9sister \u00e0 divers agents pathog\u00e8nes. Les acides gras om\u00e9ga-3 soutiennent \u00e9galement les fonctions reproductives des oiseaux.<br \/>\nMINERAL CRESCITA est compl\u00e9t\u00e9 par des graviers marins, obtenus par broyage et st\u00e9rilisation ult\u00e9rieure de coquilles d&#8217;hu\u00eetres.<br \/>\nPour am\u00e9liorer l&#8217;app\u00e9tence, le produit a \u00e9t\u00e9 aromatis\u00e9 avec de la pomme.  <\/p>\n<p><strong>POSOLOGIE :<\/strong><\/p>\n<p>L&#8217;administration est la suivante : appliquez la quantit\u00e9 n\u00e9cessaire de produit directement sur les larves et attendez quelques minutes, afin que la poudre adh\u00e8re parfaitement aux insectes, avant de l&#8217;administrer aux oiseaux.<\/p>\n","protected":false},"excerpt":{"rendered":"<h2>SP\u00c9CIALISTE DES TURDUS CROISSANCE MIN\u00c9RALE<\/h2>\n<p>Il s&#8217;agit d&#8217;un nouveau compl\u00e9ment alimentaire pour Turdid\u00e9s \u00e0 base de carbonate de calcium tr\u00e8s fin pour assurer une meilleure assimilation par les oiseaux et permettre une meilleure croissance du squelette. A compl\u00e9ter au r\u00e9gime des insectes qui, pauvres en calcium, peuvent induire le rachitisme. <\/p>\n","protected":false},"featured_media":36252,"comment_status":"open","ping_status":"closed","template":"","meta":{"_mo_disable_npp":""},"product_brand":[],"product_cat":[355,368],"product_tag":[384,369,383],"class_list":{"0":"post-36245","1":"product","2":"type-product","3":"status-publish","4":"has-post-thumbnail","6":"product_cat-lelevage","7":"product_cat-specialiste-des-turdus","8":"product_tag-nourriture","9":"product_tag-specialiste-des-etrons","10":"product_tag-supplement","12":"first","13":"instock","14":"taxable","15":"shipping-taxable","16":"purchasable","17":"product-type-variable"},"yoast_head":"<!-- This site is optimized with the Yoast SEO plugin v27.3 - https:\/\/yoast.com\/product\/yoast-seo-wordpress\/ -->\n<title>Turdus Sp\u00e9cialiste Min\u00e9ral Om\u00e9ga 3 mix suppl\u00e9ment - Allevamento Redwing<\/title>\n<meta name=\"robots\" content=\"index, follow, max-snippet:-1, max-image-preview:large, max-video-preview:-1\" \/>\n<link rel=\"canonical\" href=\"https:\/\/www.allevamentoredwing.com\/fr\/prodotti\/turdus-specialiste-mineral-omega-3-mix-supplement\/\" \/>\n<meta property=\"og:locale\" content=\"fr_FR\" \/>\n<meta property=\"og:type\" content=\"article\" \/>\n<meta property=\"og:title\" content=\"Turdus Sp\u00e9cialiste Min\u00e9ral Om\u00e9ga 3 mix suppl\u00e9ment - Allevamento Redwing\" \/>\n<meta property=\"og:description\" content=\"SP\u00c9CIALISTE DES TURDUS CROISSANCE MIN\u00c9RALE Il s&#039;agit d&#039;un nouveau compl\u00e9ment alimentaire pour Turdid\u00e9s \u00e0 base de carbonate de calcium tr\u00e8s fin pour assurer une meilleure assimilation par les oiseaux et permettre une meilleure croissance du squelette. A compl\u00e9ter au r\u00e9gime des insectes qui, pauvres en calcium, peuvent induire le rachitisme.\" \/>\n<meta property=\"og:url\" content=\"https:\/\/www.allevamentoredwing.com\/fr\/prodotti\/turdus-specialiste-mineral-omega-3-mix-supplement\/\" \/>\n<meta property=\"og:site_name\" content=\"Allevamento Redwing\" \/>\n<meta property=\"article:publisher\" content=\"https:\/\/www.facebook.com\/Allevamento-Redwing-1979803988953737\" \/>\n<meta property=\"og:image\" content=\"https:\/\/www.allevamentoredwing.com\/wp-content\/uploads\/2024\/01\/Turdus-Specialist-Mineral-Omega-3.jpg\" \/>\n\t<meta property=\"og:image:width\" content=\"2000\" \/>\n\t<meta property=\"og:image:height\" content=\"2000\" \/>\n\t<meta property=\"og:image:type\" content=\"image\/jpeg\" \/>\n<meta name=\"twitter:card\" content=\"summary_large_image\" \/>\n<meta name=\"twitter:label1\" content=\"Dur\u00e9e de lecture estim\u00e9e\" \/>\n\t<meta name=\"twitter:data1\" content=\"1 minute\" \/>\n<script type=\"application\/ld+json\" class=\"yoast-schema-graph\">{\"@context\":\"https:\\\/\\\/schema.org\",\"@graph\":[{\"@type\":\"WebPage\",\"@id\":\"https:\\\/\\\/www.allevamentoredwing.com\\\/fr\\\/prodotti\\\/turdus-specialiste-mineral-omega-3-mix-supplement\\\/\",\"url\":\"https:\\\/\\\/www.allevamentoredwing.com\\\/fr\\\/prodotti\\\/turdus-specialiste-mineral-omega-3-mix-supplement\\\/\",\"name\":\"Turdus Sp\u00e9cialiste Min\u00e9ral Om\u00e9ga 3 mix suppl\u00e9ment - Allevamento Redwing\",\"isPartOf\":{\"@id\":\"https:\\\/\\\/www.allevamentoredwing.com\\\/fr\\\/#website\"},\"primaryImageOfPage\":{\"@id\":\"https:\\\/\\\/www.allevamentoredwing.com\\\/fr\\\/prodotti\\\/turdus-specialiste-mineral-omega-3-mix-supplement\\\/#primaryimage\"},\"image\":{\"@id\":\"https:\\\/\\\/www.allevamentoredwing.com\\\/fr\\\/prodotti\\\/turdus-specialiste-mineral-omega-3-mix-supplement\\\/#primaryimage\"},\"thumbnailUrl\":\"https:\\\/\\\/www.allevamentoredwing.com\\\/wp-content\\\/uploads\\\/2024\\\/01\\\/Turdus-Specialist-Mineral-Omega-3.jpg\",\"datePublished\":\"2020-02-27T08:13:58+00:00\",\"breadcrumb\":{\"@id\":\"https:\\\/\\\/www.allevamentoredwing.com\\\/fr\\\/prodotti\\\/turdus-specialiste-mineral-omega-3-mix-supplement\\\/#breadcrumb\"},\"inLanguage\":\"fr-FR\",\"potentialAction\":[{\"@type\":\"ReadAction\",\"target\":[\"https:\\\/\\\/www.allevamentoredwing.com\\\/fr\\\/prodotti\\\/turdus-specialiste-mineral-omega-3-mix-supplement\\\/\"]}]},{\"@type\":\"ImageObject\",\"inLanguage\":\"fr-FR\",\"@id\":\"https:\\\/\\\/www.allevamentoredwing.com\\\/fr\\\/prodotti\\\/turdus-specialiste-mineral-omega-3-mix-supplement\\\/#primaryimage\",\"url\":\"https:\\\/\\\/www.allevamentoredwing.com\\\/wp-content\\\/uploads\\\/2024\\\/01\\\/Turdus-Specialist-Mineral-Omega-3.jpg\",\"contentUrl\":\"https:\\\/\\\/www.allevamentoredwing.com\\\/wp-content\\\/uploads\\\/2024\\\/01\\\/Turdus-Specialist-Mineral-Omega-3.jpg\",\"width\":2000,\"height\":2000},{\"@type\":\"BreadcrumbList\",\"@id\":\"https:\\\/\\\/www.allevamentoredwing.com\\\/fr\\\/prodotti\\\/turdus-specialiste-mineral-omega-3-mix-supplement\\\/#breadcrumb\",\"itemListElement\":[{\"@type\":\"ListItem\",\"position\":1,\"name\":\"Accueil\",\"item\":\"https:\\\/\\\/www.allevamentoredwing.com\\\/fr\\\/accueil\\\/\"},{\"@type\":\"ListItem\",\"position\":2,\"name\":\"Boutique\",\"item\":\"https:\\\/\\\/www.allevamentoredwing.com\\\/fr\\\/boutique-2\\\/\"},{\"@type\":\"ListItem\",\"position\":3,\"name\":\"Turdus Sp\u00e9cialiste Min\u00e9ral Om\u00e9ga 3 mix suppl\u00e9ment\"}]},{\"@type\":\"WebSite\",\"@id\":\"https:\\\/\\\/www.allevamentoredwing.com\\\/fr\\\/#website\",\"url\":\"https:\\\/\\\/www.allevamentoredwing.com\\\/fr\\\/\",\"name\":\"Allevamento Redwing\",\"description\":\"Tutto per l'allevamento dei volatili\",\"publisher\":{\"@id\":\"https:\\\/\\\/www.allevamentoredwing.com\\\/fr\\\/#organization\"},\"potentialAction\":[{\"@type\":\"SearchAction\",\"target\":{\"@type\":\"EntryPoint\",\"urlTemplate\":\"https:\\\/\\\/www.allevamentoredwing.com\\\/fr\\\/?s={search_term_string}\"},\"query-input\":{\"@type\":\"PropertyValueSpecification\",\"valueRequired\":true,\"valueName\":\"search_term_string\"}}],\"inLanguage\":\"fr-FR\"},{\"@type\":\"Organization\",\"@id\":\"https:\\\/\\\/www.allevamentoredwing.com\\\/fr\\\/#organization\",\"name\":\"Azienda Agricola \\\"Allevamento Redwing\\\" di Bazzani Firmo\",\"url\":\"https:\\\/\\\/www.allevamentoredwing.com\\\/fr\\\/\",\"logo\":{\"@type\":\"ImageObject\",\"inLanguage\":\"fr-FR\",\"@id\":\"https:\\\/\\\/www.allevamentoredwing.com\\\/fr\\\/#\\\/schema\\\/logo\\\/image\\\/\",\"url\":\"https:\\\/\\\/www.allevamentoredwing.com\\\/wp-content\\\/uploads\\\/2019\\\/10\\\/logo-allevamento-redwing.png\",\"contentUrl\":\"https:\\\/\\\/www.allevamentoredwing.com\\\/wp-content\\\/uploads\\\/2019\\\/10\\\/logo-allevamento-redwing.png\",\"width\":819,\"height\":608,\"caption\":\"Azienda Agricola \\\"Allevamento Redwing\\\" di Bazzani Firmo\"},\"image\":{\"@id\":\"https:\\\/\\\/www.allevamentoredwing.com\\\/fr\\\/#\\\/schema\\\/logo\\\/image\\\/\"},\"sameAs\":[\"https:\\\/\\\/www.facebook.com\\\/Allevamento-Redwing-1979803988953737\",\"https:\\\/\\\/www.instagram.com\\\/allevamento_redwing\\\/\",\"https:\\\/\\\/www.youtube.com\\\/channel\\\/UCTxa8prgvBGVInkp_pI0ShQ\"]}]}<\/script>\n<!-- \/ Yoast SEO plugin. -->","yoast_head_json":{"title":"Turdus Sp\u00e9cialiste Min\u00e9ral Om\u00e9ga 3 mix suppl\u00e9ment - Allevamento Redwing","robots":{"index":"index","follow":"follow","max-snippet":"max-snippet:-1","max-image-preview":"max-image-preview:large","max-video-preview":"max-video-preview:-1"},"canonical":"https:\/\/www.allevamentoredwing.com\/fr\/prodotti\/turdus-specialiste-mineral-omega-3-mix-supplement\/","og_locale":"fr_FR","og_type":"article","og_title":"Turdus Sp\u00e9cialiste Min\u00e9ral Om\u00e9ga 3 mix suppl\u00e9ment - Allevamento Redwing","og_description":"SP\u00c9CIALISTE DES TURDUS CROISSANCE MIN\u00c9RALE Il s'agit d'un nouveau compl\u00e9ment alimentaire pour Turdid\u00e9s \u00e0 base de carbonate de calcium tr\u00e8s fin pour assurer une meilleure assimilation par les oiseaux et permettre une meilleure croissance du squelette. A compl\u00e9ter au r\u00e9gime des insectes qui, pauvres en calcium, peuvent induire le rachitisme.","og_url":"https:\/\/www.allevamentoredwing.com\/fr\/prodotti\/turdus-specialiste-mineral-omega-3-mix-supplement\/","og_site_name":"Allevamento Redwing","article_publisher":"https:\/\/www.facebook.com\/Allevamento-Redwing-1979803988953737","og_image":[{"width":2000,"height":2000,"url":"https:\/\/www.allevamentoredwing.com\/wp-content\/uploads\/2024\/01\/Turdus-Specialist-Mineral-Omega-3.jpg","type":"image\/jpeg"}],"twitter_card":"summary_large_image","twitter_misc":{"Dur\u00e9e de lecture estim\u00e9e":"1 minute"},"schema":{"@context":"https:\/\/schema.org","@graph":[{"@type":"WebPage","@id":"https:\/\/www.allevamentoredwing.com\/fr\/prodotti\/turdus-specialiste-mineral-omega-3-mix-supplement\/","url":"https:\/\/www.allevamentoredwing.com\/fr\/prodotti\/turdus-specialiste-mineral-omega-3-mix-supplement\/","name":"Turdus Sp\u00e9cialiste Min\u00e9ral Om\u00e9ga 3 mix suppl\u00e9ment - Allevamento Redwing","isPartOf":{"@id":"https:\/\/www.allevamentoredwing.com\/fr\/#website"},"primaryImageOfPage":{"@id":"https:\/\/www.allevamentoredwing.com\/fr\/prodotti\/turdus-specialiste-mineral-omega-3-mix-supplement\/#primaryimage"},"image":{"@id":"https:\/\/www.allevamentoredwing.com\/fr\/prodotti\/turdus-specialiste-mineral-omega-3-mix-supplement\/#primaryimage"},"thumbnailUrl":"https:\/\/www.allevamentoredwing.com\/wp-content\/uploads\/2024\/01\/Turdus-Specialist-Mineral-Omega-3.jpg","datePublished":"2020-02-27T08:13:58+00:00","breadcrumb":{"@id":"https:\/\/www.allevamentoredwing.com\/fr\/prodotti\/turdus-specialiste-mineral-omega-3-mix-supplement\/#breadcrumb"},"inLanguage":"fr-FR","potentialAction":[{"@type":"ReadAction","target":["https:\/\/www.allevamentoredwing.com\/fr\/prodotti\/turdus-specialiste-mineral-omega-3-mix-supplement\/"]}]},{"@type":"ImageObject","inLanguage":"fr-FR","@id":"https:\/\/www.allevamentoredwing.com\/fr\/prodotti\/turdus-specialiste-mineral-omega-3-mix-supplement\/#primaryimage","url":"https:\/\/www.allevamentoredwing.com\/wp-content\/uploads\/2024\/01\/Turdus-Specialist-Mineral-Omega-3.jpg","contentUrl":"https:\/\/www.allevamentoredwing.com\/wp-content\/uploads\/2024\/01\/Turdus-Specialist-Mineral-Omega-3.jpg","width":2000,"height":2000},{"@type":"BreadcrumbList","@id":"https:\/\/www.allevamentoredwing.com\/fr\/prodotti\/turdus-specialiste-mineral-omega-3-mix-supplement\/#breadcrumb","itemListElement":[{"@type":"ListItem","position":1,"name":"Accueil","item":"https:\/\/www.allevamentoredwing.com\/fr\/accueil\/"},{"@type":"ListItem","position":2,"name":"Boutique","item":"https:\/\/www.allevamentoredwing.com\/fr\/boutique-2\/"},{"@type":"ListItem","position":3,"name":"Turdus Sp\u00e9cialiste Min\u00e9ral Om\u00e9ga 3 mix suppl\u00e9ment"}]},{"@type":"WebSite","@id":"https:\/\/www.allevamentoredwing.com\/fr\/#website","url":"https:\/\/www.allevamentoredwing.com\/fr\/","name":"Allevamento Redwing","description":"Tutto per l'allevamento dei volatili","publisher":{"@id":"https:\/\/www.allevamentoredwing.com\/fr\/#organization"},"potentialAction":[{"@type":"SearchAction","target":{"@type":"EntryPoint","urlTemplate":"https:\/\/www.allevamentoredwing.com\/fr\/?s={search_term_string}"},"query-input":{"@type":"PropertyValueSpecification","valueRequired":true,"valueName":"search_term_string"}}],"inLanguage":"fr-FR"},{"@type":"Organization","@id":"https:\/\/www.allevamentoredwing.com\/fr\/#organization","name":"Azienda Agricola \"Allevamento Redwing\" di Bazzani Firmo","url":"https:\/\/www.allevamentoredwing.com\/fr\/","logo":{"@type":"ImageObject","inLanguage":"fr-FR","@id":"https:\/\/www.allevamentoredwing.com\/fr\/#\/schema\/logo\/image\/","url":"https:\/\/www.allevamentoredwing.com\/wp-content\/uploads\/2019\/10\/logo-allevamento-redwing.png","contentUrl":"https:\/\/www.allevamentoredwing.com\/wp-content\/uploads\/2019\/10\/logo-allevamento-redwing.png","width":819,"height":608,"caption":"Azienda Agricola \"Allevamento Redwing\" di Bazzani Firmo"},"image":{"@id":"https:\/\/www.allevamentoredwing.com\/fr\/#\/schema\/logo\/image\/"},"sameAs":["https:\/\/www.facebook.com\/Allevamento-Redwing-1979803988953737","https:\/\/www.instagram.com\/allevamento_redwing\/","https:\/\/www.youtube.com\/channel\/UCTxa8prgvBGVInkp_pI0ShQ"]}]}},"_links":{"self":[{"href":"https:\/\/www.allevamentoredwing.com\/fr\/wp-json\/wp\/v2\/product\/36245","targetHints":{"allow":["GET"]}}],"collection":[{"href":"https:\/\/www.allevamentoredwing.com\/fr\/wp-json\/wp\/v2\/product"}],"about":[{"href":"https:\/\/www.allevamentoredwing.com\/fr\/wp-json\/wp\/v2\/types\/product"}],"replies":[{"embeddable":true,"href":"https:\/\/www.allevamentoredwing.com\/fr\/wp-json\/wp\/v2\/comments?post=36245"}],"wp:featuredmedia":[{"embeddable":true,"href":"https:\/\/www.allevamentoredwing.com\/fr\/wp-json\/wp\/v2\/media\/36252"}],"wp:attachment":[{"href":"https:\/\/www.allevamentoredwing.com\/fr\/wp-json\/wp\/v2\/media?parent=36245"}],"wp:term":[{"taxonomy":"product_brand","embeddable":true,"href":"https:\/\/www.allevamentoredwing.com\/fr\/wp-json\/wp\/v2\/product_brand?post=36245"},{"taxonomy":"product_cat","embeddable":true,"href":"https:\/\/www.allevamentoredwing.com\/fr\/wp-json\/wp\/v2\/product_cat?post=36245"},{"taxonomy":"product_tag","embeddable":true,"href":"https:\/\/www.allevamentoredwing.com\/fr\/wp-json\/wp\/v2\/product_tag?post=36245"}],"curies":[{"name":"wp","href":"https:\/\/api.w.org\/{rel}","templated":true}]}}