{"id":35502,"date":"2019-10-17T15:00:14","date_gmt":"2019-10-17T14:00:14","guid":{"rendered":"https:\/\/www.allevamentoredwing.com\/prodotti\/insecte-artificiel\/"},"modified":"2026-02-02T13:19:05","modified_gmt":"2026-02-02T12:19:05","slug":"insecte-artificiel","status":"publish","type":"product","link":"https:\/\/www.allevamentoredwing.com\/fr\/prodotti\/insecte-artificiel\/","title":{"rendered":"Insecte artificiel"},"content":{"rendered":"<p>L&#8217;unique aliment extrud\u00e9 \u00e0 base d <strong>&#8216;insectes artificiels<\/strong>. Il contient des prot\u00e9ines hautement<br \/>\ndigestibles car, dans la nature, les turdid\u00e9s, pendant la saison de reproduction,<br \/>\nmodifient leur r\u00e9gime alimentaire pour adopter une alimentation plus riche en prot\u00e9ines, principalement compos\u00e9e d&#8217;insectes.<br \/>\nNotre aliment a \u00e9t\u00e9 formul\u00e9 sur ce principe, en plus ou \u00e0 la place des insectes.<br \/>\nPendant le <strong>sevrage<\/strong>, le b\u00e2tonnet <strong>Artificial Insect<\/strong> assure une croissance excellente et rapide des turdid\u00e9s, qui peuvent ainsi se d\u00e9velopper plus rapidement.<br \/>\n<strong>pullus<\/strong> en raison de son pouvoir nutritionnel.<\/p>\n<p>Pour tirer le meilleur parti d&#8217;un aliment aussi performant, il faut toujours utiliser<br \/>\nle <strong>compl\u00e9ment saisonnier<\/strong> Turdus Specialist appropri\u00e9. Gr\u00e2ce \u00e0 ses composants :<br \/>\ncomplexes <strong>vitaminiques<\/strong>, <strong>acides amin\u00e9s<\/strong> et <strong>min\u00e9raux<\/strong>, le compl\u00e9ment compl\u00e8te et <strong>maximise les performances de<\/strong><br \/>\n<strong>Insecte artificiel<\/strong>.<\/p>\n<h2>COMMENT PR\u00c9PARER L&#8217;INSECTE ARTIFICIEL ?<\/h2>\n<p>Vous ne savez pas comment fabriquer un insecte artificiel ? Nous avons pr\u00e9par\u00e9 un guide sp\u00e9cialement pour vous, <a href=\"https:\/\/www.allevamentoredwing.com\/fr\/blog\/comment-linsecte-artificiel-est-il-prepare\/\"><strong>Cliquez ici<\/strong><\/a>. <\/p>\n","protected":false},"excerpt":{"rendered":"<p>La ligne de produits <strong>Turdus Specialist<\/strong> (aliments extrud\u00e9s et compl\u00e9ments pour insectes artificiels<br \/>\nsaisonniers : \u00e9levage, sevrage, mue et chant) est une production artisanale sp\u00e9cialis\u00e9e et<br \/>\n, con\u00e7ue, fabriqu\u00e9e et test\u00e9e pour obtenir les meilleurs r\u00e9sultats dans l&#8217;\u00e9levage et<br \/>\nle chant de tous les turdid\u00e9s.<\/p>\n","protected":false},"featured_media":35515,"comment_status":"open","ping_status":"closed","template":"","meta":{"_mo_disable_npp":""},"product_brand":[],"product_cat":[348,355,368],"product_tag":[369],"class_list":{"0":"post-35502","1":"product","2":"type-product","3":"status-publish","4":"has-post-thumbnail","6":"product_cat-chasse","7":"product_cat-lelevage","8":"product_cat-specialiste-des-turdus","9":"product_tag-specialiste-des-etrons","11":"first","12":"instock","13":"taxable","14":"shipping-taxable","15":"purchasable","16":"product-type-variable"},"yoast_head":"<!-- This site is optimized with the Yoast SEO plugin v27.4 - https:\/\/yoast.com\/product\/yoast-seo-wordpress\/ -->\n<title>Insecte artificiel - Aliment extrud\u00e9 pour turdid\u00e9s - Allevamento Redwing.<\/title>\n<meta name=\"description\" content=\"La nourriture extrud\u00e9e unique pour insectes artificiels contient des prot\u00e9ines hautement digestibles. Disponible en sacs de 3,5 kg et 7 kg.\" \/>\n<meta name=\"robots\" content=\"index, follow, max-snippet:-1, max-image-preview:large, max-video-preview:-1\" \/>\n<link rel=\"canonical\" href=\"https:\/\/www.allevamentoredwing.com\/fr\/prodotti\/insecte-artificiel\/\" \/>\n<meta property=\"og:locale\" content=\"fr_FR\" \/>\n<meta property=\"og:type\" content=\"article\" \/>\n<meta property=\"og:title\" content=\"Insecte artificiel - Aliment extrud\u00e9 pour turdid\u00e9s - Allevamento Redwing.\" \/>\n<meta property=\"og:description\" content=\"La nourriture extrud\u00e9e unique pour insectes artificiels contient des prot\u00e9ines hautement digestibles. Disponible en sacs de 3,5 kg et 7 kg.\" \/>\n<meta property=\"og:url\" content=\"https:\/\/www.allevamentoredwing.com\/fr\/prodotti\/insecte-artificiel\/\" \/>\n<meta property=\"og:site_name\" content=\"Allevamento Redwing\" \/>\n<meta property=\"article:publisher\" content=\"https:\/\/www.facebook.com\/Allevamento-Redwing-1979803988953737\" \/>\n<meta property=\"article:modified_time\" content=\"2026-02-02T12:19:05+00:00\" \/>\n<meta property=\"og:image\" content=\"https:\/\/www.allevamentoredwing.com\/wp-content\/uploads\/2019\/10\/Artificial_Insect_2025.jpeg\" \/>\n\t<meta property=\"og:image:width\" content=\"595\" \/>\n\t<meta property=\"og:image:height\" content=\"843\" \/>\n\t<meta property=\"og:image:type\" content=\"image\/jpeg\" \/>\n<meta name=\"twitter:card\" content=\"summary_large_image\" \/>\n<meta name=\"twitter:label1\" content=\"Dur\u00e9e de lecture estim\u00e9e\" \/>\n\t<meta name=\"twitter:data1\" content=\"1 minute\" \/>\n<script type=\"application\/ld+json\" class=\"yoast-schema-graph\">{\"@context\":\"https:\\\/\\\/schema.org\",\"@graph\":[{\"@type\":\"WebPage\",\"@id\":\"https:\\\/\\\/www.allevamentoredwing.com\\\/fr\\\/prodotti\\\/insecte-artificiel\\\/\",\"url\":\"https:\\\/\\\/www.allevamentoredwing.com\\\/fr\\\/prodotti\\\/insecte-artificiel\\\/\",\"name\":\"Insecte artificiel - Aliment extrud\u00e9 pour turdid\u00e9s - Allevamento Redwing.\",\"isPartOf\":{\"@id\":\"https:\\\/\\\/www.allevamentoredwing.com\\\/fr\\\/#website\"},\"primaryImageOfPage\":{\"@id\":\"https:\\\/\\\/www.allevamentoredwing.com\\\/fr\\\/prodotti\\\/insecte-artificiel\\\/#primaryimage\"},\"image\":{\"@id\":\"https:\\\/\\\/www.allevamentoredwing.com\\\/fr\\\/prodotti\\\/insecte-artificiel\\\/#primaryimage\"},\"thumbnailUrl\":\"https:\\\/\\\/www.allevamentoredwing.com\\\/wp-content\\\/uploads\\\/2019\\\/10\\\/Artificial_Insect_2025.jpeg\",\"datePublished\":\"2019-10-17T14:00:14+00:00\",\"dateModified\":\"2026-02-02T12:19:05+00:00\",\"description\":\"La nourriture extrud\u00e9e unique pour insectes artificiels contient des prot\u00e9ines hautement digestibles. Disponible en sacs de 3,5 kg et 7 kg.\",\"breadcrumb\":{\"@id\":\"https:\\\/\\\/www.allevamentoredwing.com\\\/fr\\\/prodotti\\\/insecte-artificiel\\\/#breadcrumb\"},\"inLanguage\":\"fr-FR\",\"potentialAction\":[{\"@type\":\"ReadAction\",\"target\":[\"https:\\\/\\\/www.allevamentoredwing.com\\\/fr\\\/prodotti\\\/insecte-artificiel\\\/\"]}]},{\"@type\":\"ImageObject\",\"inLanguage\":\"fr-FR\",\"@id\":\"https:\\\/\\\/www.allevamentoredwing.com\\\/fr\\\/prodotti\\\/insecte-artificiel\\\/#primaryimage\",\"url\":\"https:\\\/\\\/www.allevamentoredwing.com\\\/wp-content\\\/uploads\\\/2019\\\/10\\\/Artificial_Insect_2025.jpeg\",\"contentUrl\":\"https:\\\/\\\/www.allevamentoredwing.com\\\/wp-content\\\/uploads\\\/2019\\\/10\\\/Artificial_Insect_2025.jpeg\",\"width\":595,\"height\":843},{\"@type\":\"BreadcrumbList\",\"@id\":\"https:\\\/\\\/www.allevamentoredwing.com\\\/fr\\\/prodotti\\\/insecte-artificiel\\\/#breadcrumb\",\"itemListElement\":[{\"@type\":\"ListItem\",\"position\":1,\"name\":\"Accueil\",\"item\":\"https:\\\/\\\/www.allevamentoredwing.com\\\/fr\\\/accueil\\\/\"},{\"@type\":\"ListItem\",\"position\":2,\"name\":\"Boutique\",\"item\":\"https:\\\/\\\/www.allevamentoredwing.com\\\/fr\\\/boutique-2\\\/\"},{\"@type\":\"ListItem\",\"position\":3,\"name\":\"Insecte artificiel\"}]},{\"@type\":\"WebSite\",\"@id\":\"https:\\\/\\\/www.allevamentoredwing.com\\\/fr\\\/#website\",\"url\":\"https:\\\/\\\/www.allevamentoredwing.com\\\/fr\\\/\",\"name\":\"Allevamento Redwing\",\"description\":\"Tutto per l'allevamento dei volatili\",\"publisher\":{\"@id\":\"https:\\\/\\\/www.allevamentoredwing.com\\\/fr\\\/#organization\"},\"potentialAction\":[{\"@type\":\"SearchAction\",\"target\":{\"@type\":\"EntryPoint\",\"urlTemplate\":\"https:\\\/\\\/www.allevamentoredwing.com\\\/fr\\\/?s={search_term_string}\"},\"query-input\":{\"@type\":\"PropertyValueSpecification\",\"valueRequired\":true,\"valueName\":\"search_term_string\"}}],\"inLanguage\":\"fr-FR\"},{\"@type\":\"Organization\",\"@id\":\"https:\\\/\\\/www.allevamentoredwing.com\\\/fr\\\/#organization\",\"name\":\"Azienda Agricola \\\"Allevamento Redwing\\\" di Bazzani Firmo\",\"url\":\"https:\\\/\\\/www.allevamentoredwing.com\\\/fr\\\/\",\"logo\":{\"@type\":\"ImageObject\",\"inLanguage\":\"fr-FR\",\"@id\":\"https:\\\/\\\/www.allevamentoredwing.com\\\/fr\\\/#\\\/schema\\\/logo\\\/image\\\/\",\"url\":\"https:\\\/\\\/www.allevamentoredwing.com\\\/wp-content\\\/uploads\\\/2019\\\/10\\\/logo-allevamento-redwing.png\",\"contentUrl\":\"https:\\\/\\\/www.allevamentoredwing.com\\\/wp-content\\\/uploads\\\/2019\\\/10\\\/logo-allevamento-redwing.png\",\"width\":819,\"height\":608,\"caption\":\"Azienda Agricola \\\"Allevamento Redwing\\\" di Bazzani Firmo\"},\"image\":{\"@id\":\"https:\\\/\\\/www.allevamentoredwing.com\\\/fr\\\/#\\\/schema\\\/logo\\\/image\\\/\"},\"sameAs\":[\"https:\\\/\\\/www.facebook.com\\\/Allevamento-Redwing-1979803988953737\",\"https:\\\/\\\/www.instagram.com\\\/allevamento_redwing\\\/\",\"https:\\\/\\\/www.youtube.com\\\/channel\\\/UCTxa8prgvBGVInkp_pI0ShQ\"]}]}<\/script>\n<!-- \/ Yoast SEO plugin. -->","yoast_head_json":{"title":"Insecte artificiel - Aliment extrud\u00e9 pour turdid\u00e9s - Allevamento Redwing.","description":"La nourriture extrud\u00e9e unique pour insectes artificiels contient des prot\u00e9ines hautement digestibles. Disponible en sacs de 3,5 kg et 7 kg.","robots":{"index":"index","follow":"follow","max-snippet":"max-snippet:-1","max-image-preview":"max-image-preview:large","max-video-preview":"max-video-preview:-1"},"canonical":"https:\/\/www.allevamentoredwing.com\/fr\/prodotti\/insecte-artificiel\/","og_locale":"fr_FR","og_type":"article","og_title":"Insecte artificiel - Aliment extrud\u00e9 pour turdid\u00e9s - Allevamento Redwing.","og_description":"La nourriture extrud\u00e9e unique pour insectes artificiels contient des prot\u00e9ines hautement digestibles. Disponible en sacs de 3,5 kg et 7 kg.","og_url":"https:\/\/www.allevamentoredwing.com\/fr\/prodotti\/insecte-artificiel\/","og_site_name":"Allevamento Redwing","article_publisher":"https:\/\/www.facebook.com\/Allevamento-Redwing-1979803988953737","article_modified_time":"2026-02-02T12:19:05+00:00","og_image":[{"width":595,"height":843,"url":"https:\/\/www.allevamentoredwing.com\/wp-content\/uploads\/2019\/10\/Artificial_Insect_2025.jpeg","type":"image\/jpeg"}],"twitter_card":"summary_large_image","twitter_misc":{"Dur\u00e9e de lecture estim\u00e9e":"1 minute"},"schema":{"@context":"https:\/\/schema.org","@graph":[{"@type":"WebPage","@id":"https:\/\/www.allevamentoredwing.com\/fr\/prodotti\/insecte-artificiel\/","url":"https:\/\/www.allevamentoredwing.com\/fr\/prodotti\/insecte-artificiel\/","name":"Insecte artificiel - Aliment extrud\u00e9 pour turdid\u00e9s - Allevamento Redwing.","isPartOf":{"@id":"https:\/\/www.allevamentoredwing.com\/fr\/#website"},"primaryImageOfPage":{"@id":"https:\/\/www.allevamentoredwing.com\/fr\/prodotti\/insecte-artificiel\/#primaryimage"},"image":{"@id":"https:\/\/www.allevamentoredwing.com\/fr\/prodotti\/insecte-artificiel\/#primaryimage"},"thumbnailUrl":"https:\/\/www.allevamentoredwing.com\/wp-content\/uploads\/2019\/10\/Artificial_Insect_2025.jpeg","datePublished":"2019-10-17T14:00:14+00:00","dateModified":"2026-02-02T12:19:05+00:00","description":"La nourriture extrud\u00e9e unique pour insectes artificiels contient des prot\u00e9ines hautement digestibles. Disponible en sacs de 3,5 kg et 7 kg.","breadcrumb":{"@id":"https:\/\/www.allevamentoredwing.com\/fr\/prodotti\/insecte-artificiel\/#breadcrumb"},"inLanguage":"fr-FR","potentialAction":[{"@type":"ReadAction","target":["https:\/\/www.allevamentoredwing.com\/fr\/prodotti\/insecte-artificiel\/"]}]},{"@type":"ImageObject","inLanguage":"fr-FR","@id":"https:\/\/www.allevamentoredwing.com\/fr\/prodotti\/insecte-artificiel\/#primaryimage","url":"https:\/\/www.allevamentoredwing.com\/wp-content\/uploads\/2019\/10\/Artificial_Insect_2025.jpeg","contentUrl":"https:\/\/www.allevamentoredwing.com\/wp-content\/uploads\/2019\/10\/Artificial_Insect_2025.jpeg","width":595,"height":843},{"@type":"BreadcrumbList","@id":"https:\/\/www.allevamentoredwing.com\/fr\/prodotti\/insecte-artificiel\/#breadcrumb","itemListElement":[{"@type":"ListItem","position":1,"name":"Accueil","item":"https:\/\/www.allevamentoredwing.com\/fr\/accueil\/"},{"@type":"ListItem","position":2,"name":"Boutique","item":"https:\/\/www.allevamentoredwing.com\/fr\/boutique-2\/"},{"@type":"ListItem","position":3,"name":"Insecte artificiel"}]},{"@type":"WebSite","@id":"https:\/\/www.allevamentoredwing.com\/fr\/#website","url":"https:\/\/www.allevamentoredwing.com\/fr\/","name":"Allevamento Redwing","description":"Tutto per l'allevamento dei volatili","publisher":{"@id":"https:\/\/www.allevamentoredwing.com\/fr\/#organization"},"potentialAction":[{"@type":"SearchAction","target":{"@type":"EntryPoint","urlTemplate":"https:\/\/www.allevamentoredwing.com\/fr\/?s={search_term_string}"},"query-input":{"@type":"PropertyValueSpecification","valueRequired":true,"valueName":"search_term_string"}}],"inLanguage":"fr-FR"},{"@type":"Organization","@id":"https:\/\/www.allevamentoredwing.com\/fr\/#organization","name":"Azienda Agricola \"Allevamento Redwing\" di Bazzani Firmo","url":"https:\/\/www.allevamentoredwing.com\/fr\/","logo":{"@type":"ImageObject","inLanguage":"fr-FR","@id":"https:\/\/www.allevamentoredwing.com\/fr\/#\/schema\/logo\/image\/","url":"https:\/\/www.allevamentoredwing.com\/wp-content\/uploads\/2019\/10\/logo-allevamento-redwing.png","contentUrl":"https:\/\/www.allevamentoredwing.com\/wp-content\/uploads\/2019\/10\/logo-allevamento-redwing.png","width":819,"height":608,"caption":"Azienda Agricola \"Allevamento Redwing\" di Bazzani Firmo"},"image":{"@id":"https:\/\/www.allevamentoredwing.com\/fr\/#\/schema\/logo\/image\/"},"sameAs":["https:\/\/www.facebook.com\/Allevamento-Redwing-1979803988953737","https:\/\/www.instagram.com\/allevamento_redwing\/","https:\/\/www.youtube.com\/channel\/UCTxa8prgvBGVInkp_pI0ShQ"]}]}},"_links":{"self":[{"href":"https:\/\/www.allevamentoredwing.com\/fr\/wp-json\/wp\/v2\/product\/35502","targetHints":{"allow":["GET"]}}],"collection":[{"href":"https:\/\/www.allevamentoredwing.com\/fr\/wp-json\/wp\/v2\/product"}],"about":[{"href":"https:\/\/www.allevamentoredwing.com\/fr\/wp-json\/wp\/v2\/types\/product"}],"replies":[{"embeddable":true,"href":"https:\/\/www.allevamentoredwing.com\/fr\/wp-json\/wp\/v2\/comments?post=35502"}],"wp:featuredmedia":[{"embeddable":true,"href":"https:\/\/www.allevamentoredwing.com\/fr\/wp-json\/wp\/v2\/media\/35515"}],"wp:attachment":[{"href":"https:\/\/www.allevamentoredwing.com\/fr\/wp-json\/wp\/v2\/media?parent=35502"}],"wp:term":[{"taxonomy":"product_brand","embeddable":true,"href":"https:\/\/www.allevamentoredwing.com\/fr\/wp-json\/wp\/v2\/product_brand?post=35502"},{"taxonomy":"product_cat","embeddable":true,"href":"https:\/\/www.allevamentoredwing.com\/fr\/wp-json\/wp\/v2\/product_cat?post=35502"},{"taxonomy":"product_tag","embeddable":true,"href":"https:\/\/www.allevamentoredwing.com\/fr\/wp-json\/wp\/v2\/product_tag?post=35502"}],"curies":[{"name":"wp","href":"https:\/\/api.w.org\/{rel}","templated":true}]}}