{"id":36898,"date":"2019-10-17T13:14:11","date_gmt":"2019-10-17T12:14:11","guid":{"rendered":"https:\/\/www.allevamentoredwing.com\/lelevage\/cesena\/"},"modified":"2026-02-02T15:27:25","modified_gmt":"2026-02-02T14:27:25","slug":"cesena","status":"publish","type":"page","link":"https:\/\/www.allevamentoredwing.com\/fr\/lelevage\/cesena\/","title":{"rendered":"Cesena"},"content":{"rendered":"\n<h3 class=\"wp-block-heading\"><strong>Description :  <\/strong><\/h3>\n\n<div class=\"wp-block-columns is-layout-flex wp-container-core-columns-is-layout-9d6595d7 wp-block-columns-is-layout-flex\">\n<div class=\"wp-block-column is-layout-flow wp-block-column-is-layout-flow\">\n<p class=\"has-text-align-left\">  Le Cesana mesure environ 26 centim\u00e8tres de long. Le croupion et la t\u00eate sont gris ardoise, le dos est marron, la poitrine est rouille fauve avec des stries noires, de m\u00eame que la gorge, la queue est marron fonc\u00e9, le ventre blanc, les pattes marron et le bec jaun\u00e2tre avec un apex noir. Le poids est d&#8217;environ 100-110 grammes, la longueur de la queue est d&#8217;environ 10,5 centim\u00e8tres et l&#8217;envergure est d&#8217;environ 42 centim\u00e8tres.    <\/p>\n\n\n\n<h3 class=\"wp-block-heading\"><strong>Habitat<\/strong>:  <\/h3>\n\n\n\n<p>Esp\u00e8ce largement r\u00e9pandue dans tout le Pal\u00e9arctique central et septentrional. En Italie, c&#8217;est une esp\u00e8ce de passage de novembre \u00e0 mi-d\u00e9cembre, certains nichent dans les montagnes. Elle fr\u00e9quente les vergers, les zones cultiv\u00e9es et les bois.    <\/p>\n<\/div>\n\n\n\n<div class=\"wp-block-column is-layout-flow wp-block-column-is-layout-flow\">\n<figure class=\"wp-block-image size-large\"><img loading=\"lazy\" decoding=\"async\" width=\"1024\" height=\"819\" src=\"https:\/\/www.allevamentoredwing.com\/wp-content\/uploads\/2019\/10\/DSC6582-1024x819.jpg\" alt=\"\" class=\"wp-image-5261\" srcset=\"https:\/\/www.allevamentoredwing.com\/wp-content\/uploads\/2019\/10\/DSC6582-1024x819.jpg 1024w, https:\/\/www.allevamentoredwing.com\/wp-content\/uploads\/2019\/10\/DSC6582-300x240.jpg 300w, https:\/\/www.allevamentoredwing.com\/wp-content\/uploads\/2019\/10\/DSC6582-768x614.jpg 768w, https:\/\/www.allevamentoredwing.com\/wp-content\/uploads\/2019\/10\/DSC6582-600x480.jpg 600w, https:\/\/www.allevamentoredwing.com\/wp-content\/uploads\/2019\/10\/DSC6582.jpg 1500w\" sizes=\"auto, (max-width: 1024px) 100vw, 1024px\" \/><\/figure>\n<\/div>\n<\/div>\n\n<div class=\"wp-block-columns is-layout-flex wp-container-core-columns-is-layout-9d6595d7 wp-block-columns-is-layout-flex\">\n<div class=\"wp-block-column is-layout-flow wp-block-column-is-layout-flow\">\n<figure class=\"wp-block-image size-large\"><img loading=\"lazy\" decoding=\"async\" width=\"1024\" height=\"683\" src=\"https:\/\/www.allevamentoredwing.com\/wp-content\/uploads\/2020\/01\/DSC6565-1024x683.jpg\" alt=\"\" class=\"wp-image-5523\"\/><\/figure>\n<\/div>\n\n\n\n<div class=\"wp-block-column is-layout-flow wp-block-column-is-layout-flow\">\n<h3 class=\"wp-block-heading\"><strong>Alimentation \u00e9lectrique<\/strong>:  <\/h3>\n\n\n\n<p>Il se nourrit d&#8217;insectes, de graines et de fruits et baies sauvages (il est friand des baies du sorbier).  <\/p>\n\n\n\n<h3 class=\"wp-block-heading\"><strong>Reproduction<\/strong>:  <\/h3>\n\n\n\n<p>Elle pond deux fois par an, 4\/6 \u0153ufs par couv\u00e9e. La reproduction commence fin avril et se termine en juillet. Il niche en colonies et la femelle couve pendant environ 13\/14 jours ; les poussins quittent le nid vers 15 jours.    <\/p>\n\n\n\n<h3 class=\"wp-block-heading\"><strong>\u00c9levage<\/strong>:  <\/h3>\n\n\n\n<p>Le Cesena peut \u00eatre \u00e9lev\u00e9 en colonie ou en couple fixe ; une bonne s\u00e9lection des \u00e9leveurs est recommand\u00e9e pour une meilleure garantie de reproduction.  <\/p>\n<\/div>\n<\/div>\n\n<p><\/p>\n\n<div style=\"height:50px\" aria-hidden=\"true\" class=\"wp-block-spacer\"><\/div>\n\n<h2 class=\"has-text-align-center wp-block-heading\">VENTE<\/h2>\n\n<h3 class=\"has-text-align-center wp-block-heading\">La vente a lieu pendant les p\u00e9riodes :<\/h3>\n\n<div style=\"height:20px\" aria-hidden=\"true\" class=\"wp-block-spacer\"><\/div>\n\n<div class=\"wp-block-columns is-layout-flex wp-container-core-columns-is-layout-9d6595d7 wp-block-columns-is-layout-flex\">\n<div class=\"wp-block-column is-layout-flow wp-block-column-is-layout-flow\">\n<h3 class=\"has-text-align-center wp-block-heading\">Juin-Juillet<\/h3>\n\n\n\n<p class=\"has-text-align-center\"><strong>Vente de jeunes sujets sevr\u00e9s et d\u00e9j\u00e0 imprim\u00e9s.<\/strong><\/p>\n<\/div>\n\n\n\n<div class=\"wp-block-column is-layout-flow wp-block-column-is-layout-flow\">\n<h3 class=\"has-text-align-center wp-block-heading\">Septembre-octobre-novembre<\/h3>\n\n\n\n<p class=\"has-text-align-center\"><strong>Nouveaux sujets dans la chanson<br\/><\/strong><\/p>\n<\/div>\n<\/div>\n\n<h3 class=\"wp-block-heading\"><strong>Tous les sujets sont vendus avec un certificat de sexage du centre de diagnostic et de recherche ADN.<\/strong><\/h3>\n","protected":false},"excerpt":{"rendered":"<p>Description : Le Cesana mesure environ 26 centim\u00e8tres de long. Le croupion et la t\u00eate sont gris ardoise, le dos [&hellip;]<\/p>\n","protected":false},"author":1,"featured_media":8328,"parent":36867,"menu_order":0,"comment_status":"closed","ping_status":"closed","template":"","meta":{"_mo_disable_npp":"","footnotes":""},"class_list":["post-36898","page","type-page","status-publish","has-post-thumbnail","hentry"],"yoast_head":"<!-- This site is optimized with the Yoast SEO plugin v27.3 - https:\/\/yoast.com\/product\/yoast-seo-wordpress\/ -->\n<title>Cesena - Allevamento Redwing<\/title>\n<meta name=\"robots\" content=\"index, follow, max-snippet:-1, max-image-preview:large, max-video-preview:-1\" \/>\n<link rel=\"canonical\" href=\"https:\/\/www.allevamentoredwing.com\/fr\/lelevage\/cesena\/\" \/>\n<meta property=\"og:locale\" content=\"fr_FR\" \/>\n<meta property=\"og:type\" content=\"article\" \/>\n<meta property=\"og:title\" content=\"Cesena - Allevamento Redwing\" \/>\n<meta property=\"og:description\" content=\"Description : Le Cesana mesure environ 26 centim\u00e8tres de long. Le croupion et la t\u00eate sont gris ardoise, le dos [&hellip;]\" \/>\n<meta property=\"og:url\" content=\"https:\/\/www.allevamentoredwing.com\/fr\/lelevage\/cesena\/\" \/>\n<meta property=\"og:site_name\" content=\"Allevamento Redwing\" \/>\n<meta property=\"article:publisher\" content=\"https:\/\/www.facebook.com\/Allevamento-Redwing-1979803988953737\" \/>\n<meta property=\"article:modified_time\" content=\"2026-02-02T14:27:25+00:00\" \/>\n<meta property=\"og:image\" content=\"https:\/\/www.allevamentoredwing.com\/wp-content\/uploads\/2020\/01\/DSC6565-e1580487187321.jpg\" \/>\n\t<meta property=\"og:image:width\" content=\"787\" \/>\n\t<meta property=\"og:image:height\" content=\"671\" \/>\n\t<meta property=\"og:image:type\" content=\"image\/jpeg\" \/>\n<meta name=\"twitter:card\" content=\"summary_large_image\" \/>\n<meta name=\"twitter:label1\" content=\"Dur\u00e9e de lecture estim\u00e9e\" \/>\n\t<meta name=\"twitter:data1\" content=\"1 minute\" \/>\n<script type=\"application\/ld+json\" class=\"yoast-schema-graph\">{\"@context\":\"https:\\\/\\\/schema.org\",\"@graph\":[{\"@type\":\"WebPage\",\"@id\":\"https:\\\/\\\/www.allevamentoredwing.com\\\/fr\\\/lelevage\\\/cesena\\\/\",\"url\":\"https:\\\/\\\/www.allevamentoredwing.com\\\/fr\\\/lelevage\\\/cesena\\\/\",\"name\":\"Cesena - Allevamento Redwing\",\"isPartOf\":{\"@id\":\"https:\\\/\\\/www.allevamentoredwing.com\\\/fr\\\/#website\"},\"primaryImageOfPage\":{\"@id\":\"https:\\\/\\\/www.allevamentoredwing.com\\\/fr\\\/lelevage\\\/cesena\\\/#primaryimage\"},\"image\":{\"@id\":\"https:\\\/\\\/www.allevamentoredwing.com\\\/fr\\\/lelevage\\\/cesena\\\/#primaryimage\"},\"thumbnailUrl\":\"https:\\\/\\\/www.allevamentoredwing.com\\\/wp-content\\\/uploads\\\/2020\\\/01\\\/DSC6565-e1580487187321.jpg\",\"datePublished\":\"2019-10-17T12:14:11+00:00\",\"dateModified\":\"2026-02-02T14:27:25+00:00\",\"breadcrumb\":{\"@id\":\"https:\\\/\\\/www.allevamentoredwing.com\\\/fr\\\/lelevage\\\/cesena\\\/#breadcrumb\"},\"inLanguage\":\"fr-FR\",\"potentialAction\":[{\"@type\":\"ReadAction\",\"target\":[\"https:\\\/\\\/www.allevamentoredwing.com\\\/fr\\\/lelevage\\\/cesena\\\/\"]}]},{\"@type\":\"ImageObject\",\"inLanguage\":\"fr-FR\",\"@id\":\"https:\\\/\\\/www.allevamentoredwing.com\\\/fr\\\/lelevage\\\/cesena\\\/#primaryimage\",\"url\":\"https:\\\/\\\/www.allevamentoredwing.com\\\/wp-content\\\/uploads\\\/2020\\\/01\\\/DSC6565-e1580487187321.jpg\",\"contentUrl\":\"https:\\\/\\\/www.allevamentoredwing.com\\\/wp-content\\\/uploads\\\/2020\\\/01\\\/DSC6565-e1580487187321.jpg\",\"width\":787,\"height\":671},{\"@type\":\"BreadcrumbList\",\"@id\":\"https:\\\/\\\/www.allevamentoredwing.com\\\/fr\\\/lelevage\\\/cesena\\\/#breadcrumb\",\"itemListElement\":[{\"@type\":\"ListItem\",\"position\":1,\"name\":\"Accueil\",\"item\":\"https:\\\/\\\/www.allevamentoredwing.com\\\/fr\\\/accueil\\\/\"},{\"@type\":\"ListItem\",\"position\":2,\"name\":\"L&#8217;\u00e9levage\",\"item\":\"https:\\\/\\\/www.allevamentoredwing.com\\\/fr\\\/lelevage\\\/\"},{\"@type\":\"ListItem\",\"position\":3,\"name\":\"Cesena\"}]},{\"@type\":\"WebSite\",\"@id\":\"https:\\\/\\\/www.allevamentoredwing.com\\\/fr\\\/#website\",\"url\":\"https:\\\/\\\/www.allevamentoredwing.com\\\/fr\\\/\",\"name\":\"Allevamento Redwing\",\"description\":\"Tutto per l'allevamento dei volatili\",\"publisher\":{\"@id\":\"https:\\\/\\\/www.allevamentoredwing.com\\\/fr\\\/#organization\"},\"potentialAction\":[{\"@type\":\"SearchAction\",\"target\":{\"@type\":\"EntryPoint\",\"urlTemplate\":\"https:\\\/\\\/www.allevamentoredwing.com\\\/fr\\\/?s={search_term_string}\"},\"query-input\":{\"@type\":\"PropertyValueSpecification\",\"valueRequired\":true,\"valueName\":\"search_term_string\"}}],\"inLanguage\":\"fr-FR\"},{\"@type\":\"Organization\",\"@id\":\"https:\\\/\\\/www.allevamentoredwing.com\\\/fr\\\/#organization\",\"name\":\"Azienda Agricola \\\"Allevamento Redwing\\\" di Bazzani Firmo\",\"url\":\"https:\\\/\\\/www.allevamentoredwing.com\\\/fr\\\/\",\"logo\":{\"@type\":\"ImageObject\",\"inLanguage\":\"fr-FR\",\"@id\":\"https:\\\/\\\/www.allevamentoredwing.com\\\/fr\\\/#\\\/schema\\\/logo\\\/image\\\/\",\"url\":\"https:\\\/\\\/www.allevamentoredwing.com\\\/wp-content\\\/uploads\\\/2019\\\/10\\\/logo-allevamento-redwing.png\",\"contentUrl\":\"https:\\\/\\\/www.allevamentoredwing.com\\\/wp-content\\\/uploads\\\/2019\\\/10\\\/logo-allevamento-redwing.png\",\"width\":819,\"height\":608,\"caption\":\"Azienda Agricola \\\"Allevamento Redwing\\\" di Bazzani Firmo\"},\"image\":{\"@id\":\"https:\\\/\\\/www.allevamentoredwing.com\\\/fr\\\/#\\\/schema\\\/logo\\\/image\\\/\"},\"sameAs\":[\"https:\\\/\\\/www.facebook.com\\\/Allevamento-Redwing-1979803988953737\",\"https:\\\/\\\/www.instagram.com\\\/allevamento_redwing\\\/\",\"https:\\\/\\\/www.youtube.com\\\/channel\\\/UCTxa8prgvBGVInkp_pI0ShQ\"]}]}<\/script>\n<!-- \/ Yoast SEO plugin. -->","yoast_head_json":{"title":"Cesena - Allevamento Redwing","robots":{"index":"index","follow":"follow","max-snippet":"max-snippet:-1","max-image-preview":"max-image-preview:large","max-video-preview":"max-video-preview:-1"},"canonical":"https:\/\/www.allevamentoredwing.com\/fr\/lelevage\/cesena\/","og_locale":"fr_FR","og_type":"article","og_title":"Cesena - Allevamento Redwing","og_description":"Description : Le Cesana mesure environ 26 centim\u00e8tres de long. Le croupion et la t\u00eate sont gris ardoise, le dos [&hellip;]","og_url":"https:\/\/www.allevamentoredwing.com\/fr\/lelevage\/cesena\/","og_site_name":"Allevamento Redwing","article_publisher":"https:\/\/www.facebook.com\/Allevamento-Redwing-1979803988953737","article_modified_time":"2026-02-02T14:27:25+00:00","og_image":[{"width":787,"height":671,"url":"https:\/\/www.allevamentoredwing.com\/wp-content\/uploads\/2020\/01\/DSC6565-e1580487187321.jpg","type":"image\/jpeg"}],"twitter_card":"summary_large_image","twitter_misc":{"Dur\u00e9e de lecture estim\u00e9e":"1 minute"},"schema":{"@context":"https:\/\/schema.org","@graph":[{"@type":"WebPage","@id":"https:\/\/www.allevamentoredwing.com\/fr\/lelevage\/cesena\/","url":"https:\/\/www.allevamentoredwing.com\/fr\/lelevage\/cesena\/","name":"Cesena - Allevamento Redwing","isPartOf":{"@id":"https:\/\/www.allevamentoredwing.com\/fr\/#website"},"primaryImageOfPage":{"@id":"https:\/\/www.allevamentoredwing.com\/fr\/lelevage\/cesena\/#primaryimage"},"image":{"@id":"https:\/\/www.allevamentoredwing.com\/fr\/lelevage\/cesena\/#primaryimage"},"thumbnailUrl":"https:\/\/www.allevamentoredwing.com\/wp-content\/uploads\/2020\/01\/DSC6565-e1580487187321.jpg","datePublished":"2019-10-17T12:14:11+00:00","dateModified":"2026-02-02T14:27:25+00:00","breadcrumb":{"@id":"https:\/\/www.allevamentoredwing.com\/fr\/lelevage\/cesena\/#breadcrumb"},"inLanguage":"fr-FR","potentialAction":[{"@type":"ReadAction","target":["https:\/\/www.allevamentoredwing.com\/fr\/lelevage\/cesena\/"]}]},{"@type":"ImageObject","inLanguage":"fr-FR","@id":"https:\/\/www.allevamentoredwing.com\/fr\/lelevage\/cesena\/#primaryimage","url":"https:\/\/www.allevamentoredwing.com\/wp-content\/uploads\/2020\/01\/DSC6565-e1580487187321.jpg","contentUrl":"https:\/\/www.allevamentoredwing.com\/wp-content\/uploads\/2020\/01\/DSC6565-e1580487187321.jpg","width":787,"height":671},{"@type":"BreadcrumbList","@id":"https:\/\/www.allevamentoredwing.com\/fr\/lelevage\/cesena\/#breadcrumb","itemListElement":[{"@type":"ListItem","position":1,"name":"Accueil","item":"https:\/\/www.allevamentoredwing.com\/fr\/accueil\/"},{"@type":"ListItem","position":2,"name":"L&#8217;\u00e9levage","item":"https:\/\/www.allevamentoredwing.com\/fr\/lelevage\/"},{"@type":"ListItem","position":3,"name":"Cesena"}]},{"@type":"WebSite","@id":"https:\/\/www.allevamentoredwing.com\/fr\/#website","url":"https:\/\/www.allevamentoredwing.com\/fr\/","name":"Allevamento Redwing","description":"Tutto per l'allevamento dei volatili","publisher":{"@id":"https:\/\/www.allevamentoredwing.com\/fr\/#organization"},"potentialAction":[{"@type":"SearchAction","target":{"@type":"EntryPoint","urlTemplate":"https:\/\/www.allevamentoredwing.com\/fr\/?s={search_term_string}"},"query-input":{"@type":"PropertyValueSpecification","valueRequired":true,"valueName":"search_term_string"}}],"inLanguage":"fr-FR"},{"@type":"Organization","@id":"https:\/\/www.allevamentoredwing.com\/fr\/#organization","name":"Azienda Agricola \"Allevamento Redwing\" di Bazzani Firmo","url":"https:\/\/www.allevamentoredwing.com\/fr\/","logo":{"@type":"ImageObject","inLanguage":"fr-FR","@id":"https:\/\/www.allevamentoredwing.com\/fr\/#\/schema\/logo\/image\/","url":"https:\/\/www.allevamentoredwing.com\/wp-content\/uploads\/2019\/10\/logo-allevamento-redwing.png","contentUrl":"https:\/\/www.allevamentoredwing.com\/wp-content\/uploads\/2019\/10\/logo-allevamento-redwing.png","width":819,"height":608,"caption":"Azienda Agricola \"Allevamento Redwing\" di Bazzani Firmo"},"image":{"@id":"https:\/\/www.allevamentoredwing.com\/fr\/#\/schema\/logo\/image\/"},"sameAs":["https:\/\/www.facebook.com\/Allevamento-Redwing-1979803988953737","https:\/\/www.instagram.com\/allevamento_redwing\/","https:\/\/www.youtube.com\/channel\/UCTxa8prgvBGVInkp_pI0ShQ"]}]}},"_links":{"self":[{"href":"https:\/\/www.allevamentoredwing.com\/fr\/wp-json\/wp\/v2\/pages\/36898","targetHints":{"allow":["GET"]}}],"collection":[{"href":"https:\/\/www.allevamentoredwing.com\/fr\/wp-json\/wp\/v2\/pages"}],"about":[{"href":"https:\/\/www.allevamentoredwing.com\/fr\/wp-json\/wp\/v2\/types\/page"}],"author":[{"embeddable":true,"href":"https:\/\/www.allevamentoredwing.com\/fr\/wp-json\/wp\/v2\/users\/1"}],"replies":[{"embeddable":true,"href":"https:\/\/www.allevamentoredwing.com\/fr\/wp-json\/wp\/v2\/comments?post=36898"}],"version-history":[{"count":1,"href":"https:\/\/www.allevamentoredwing.com\/fr\/wp-json\/wp\/v2\/pages\/36898\/revisions"}],"predecessor-version":[{"id":36900,"href":"https:\/\/www.allevamentoredwing.com\/fr\/wp-json\/wp\/v2\/pages\/36898\/revisions\/36900"}],"up":[{"embeddable":true,"href":"https:\/\/www.allevamentoredwing.com\/fr\/wp-json\/wp\/v2\/pages\/36867"}],"wp:featuredmedia":[{"embeddable":true,"href":"https:\/\/www.allevamentoredwing.com\/fr\/wp-json\/wp\/v2\/media\/8328"}],"wp:attachment":[{"href":"https:\/\/www.allevamentoredwing.com\/fr\/wp-json\/wp\/v2\/media?parent=36898"}],"curies":[{"name":"wp","href":"https:\/\/api.w.org\/{rel}","templated":true}]}}